{"id":407,"date":"2021-06-23T08:01:54","date_gmt":"2021-06-23T06:01:54","guid":{"rendered":"https:\/\/newwww.closdesarpe.com\/?page_id=362"},"modified":"2021-06-23T08:01:54","modified_gmt":"2021-06-23T06:01:54","slug":"informacion-legal","status":"publish","type":"page","link":"https:\/\/www.closdesarpe.com\/?page_id=407&lang=es","title":{"rendered":"Aviso legal"},"content":{"rendered":"<h3>1. Introducci\u00f3n<\/h3>\n<p><span>Estos t\u00e9rminos de uso son vinculantes para todas las personas que accedan al sitio web www.closdesarpe.com sin reservas o excepciones.El sitio es propiedad de CHATEAU CLOS DE SARPE (SCA BEYNEY SAINT CHRISTOPHE DES BARDES).Al entrar en el sitio web, el usuario acepta y se considerar\u00e1 que ha aceptado estos t\u00e9rminos y condiciones, que se considera que el usuario ha le\u00eddo y entendido.Si el usuario no est\u00e1 de acuerdo con cualquiera de los T\u00e9rminos y Condiciones, se le solicita que abandone el sitio.<\/span><br \/>\n<span>Los propietarios, webmasters y autores de www.closdesarpe.com (CHATEAU CLOS DE SARPE) se reservan el derecho, a su discreci\u00f3n, de actualizar y modificar estos T\u00e9rminos y Condiciones Generales de Uso.Como resultado, se le pide que los revise regularmente para estar al tanto de cualquier cambio.Consideramos que acepta un cambio en los T\u00e9rminos de uso si contin\u00faa utilizando el Sitio despu\u00e9s de que se publique dicho cambio.<\/span><\/p>\n<h3><span>2. Contenido<\/span><\/h3>\n<p><span>Todos los textos, gr\u00e1ficos, im\u00e1genes, fotograf\u00edas, logotipos, videos y contenidos disponibles en el Sitio son propiedad, controlados o licenciados por o en CHATEAU CLOS DE SARPE, y est\u00e1n protegidos por las leyes de derechos de autor y marcas registradas, y varios otros derechos de propiedad intelectual y leyes de competencia desleal.Se da permiso para la descarga y el almacenamiento temporal de todas las secciones de biblioteca y comunicados de prensa para su visualizaci\u00f3n en una computadora personal o de negocios.Nuestros documentos son gratuitos para uso profesional y personal y para ello pueden ser editados e impresos.Usted se compromete a nunca utilizar el contenido o materiales disponibles en este sitio con fines comerciales.La recuperaci\u00f3n sistem\u00e1tica de datos u otros, de este sitio para crear o publicar, directa o indirectamente, una compilaci\u00f3n, una colecci\u00f3n,<\/span><\/p>\n<h3><span>3. Propiedad intelectual<\/span><\/h3>\n<p><span>El sitio web pertenece a CHATEAU CLOS DE SARPE y el usuario reconoce que CHATEAU CLOS DE SARPE o sus licenciantes son los propietarios de toda la propiedad intelectual disponible en, en relaci\u00f3n con o utilizada en el sitio web, incluyendo, sin limitaci\u00f3n, invenciones, derechos de autor, marcas registradas, buena voluntad y secretos comerciales.<\/span><\/p>\n<p><strong>CERRADO CASTILLO DE SARPE<\/strong><br \/>\n<strong>SCA BEYNEY SAN CRIST\u00d3BAL DE LOS BARDOS<\/strong><br \/>\n33 330 Saint Emilion, FRANCIA<br \/>\nN\u00famero de tel\u00e9fono: +33 (0)5 57 24 72 39<br \/>\nCapital social : 584.000\u20ac<br \/>\nSirena: 339.243.438<\/p>\n<h3><span>4. Limitaci\u00f3n de responsabilidad<\/span><\/h3>\n<p><span>CHATEAU CLOS DE SARPE no se hace responsable de ninguna manera por da\u00f1os directos o indirectos &#8211; incluyendo pero no limitado a &#8211; p\u00e9rdida de beneficios, p\u00e9rdida de clientes, p\u00e9rdida de datos debido al uso o la imposibilidad de utilizar el sitio o el contenido y elementos accesibles a trav\u00e9s del sitio o p\u00e9rdidas causadas por defectos ocultos u obvios del sitio o el uso del sitio y la informaci\u00f3n contenida en el sitio.Esta limitaci\u00f3n se aplica, en asuntos contractuales y\/o tortuosos.Su uso de este sitio indica la aceptaci\u00f3n de lo anterior.<\/span><\/p>\n<h3><span>5. Su uso del sitio<\/span><\/h3>\n<p><span>Usted no puede utilizar ning\u00fan proceso, para acceder, adquirir una copia o monitorear cualquier parte del Sitio o cualquier contenido, o reproducir de cualquier manera la estructura de navegaci\u00f3n o presentaci\u00f3n del Sitio o cualquier contenido, para obtener o intentar obtener cualquier material o informaci\u00f3n. por cualquier medio no puesto a disposici\u00f3n voluntariamente en el Sitio.Usted no puede sondear, escanear o probar la vulnerabilidad del Sitio o cualquier red conectada al Sitio, o violar cualquier medida de seguridad o autenticaci\u00f3n en el Sitio o en cualquier red conectada al Sitio.<\/span><br \/>\n<span>Usted no est\u00e1 autorizado a rastrear la informaci\u00f3n sobre cualquier otro usuario de un visitante del Sitio, o cualquier otro cliente de CHATEAU CLOS DE SARPE o operar el Sitio o cualquier servicio o informaci\u00f3n puesta a disposici\u00f3n por o a trav\u00e9s del Sitio.Usted se compromete a no tomar ninguna medida que imponga una carga irrazonable o desproporcionadamente grande en la infraestructura del Sitio o en los sistemas o redes de CHATEAU CLOS DE SARPE, o en cualquier sistema o red conectada al sitio web o a CHATEAU CLOS DE SARPE.<\/span><br \/>\n<span>Usted no puede falsificar encabezados o manipular identificadores con el fin de ocultar el origen de cualquier mensaje que env\u00ede a CHATEAU CLOS DE SARPE en o a trav\u00e9s del Sitio o cualquier servicio ofrecido en o a trav\u00e9s del Sitio.No puedes fingir que eres o que representas a otra persona.Usted no puede utilizar el sitio web o cualquier contenido para cualquier prop\u00f3sito que es ilegal o prohibido por estos t\u00e9rminos de uso, o para solicitar la ejecuci\u00f3n de cualquier actividad ilegal u otra actividad que viole los derechos de CHATEAU CLOS DE SARPE u otros.<\/span><\/p>\n<h3><span>6. Pol\u00edtica de privacidad<\/span><\/h3>\n<p><span>La pol\u00edtica de privacidad de CHATEAU CLOS DE SARPE se aplica al uso de este sitio, y sus t\u00e9rminos est\u00e1n integrados en estos t\u00e9rminos de uso por esta referencia.Para consultar la pol\u00edtica de privacidad de CHATEAU CLOS DE SARPE, por favor haga clic en el siguiente enlace.Al utilizar el Sitio, usted reconoce y acepta que las transmisiones por Internet nunca son completamente privadas o seguras.Consulte la pol\u00edtica de privacidad de CHATEAU CLOS DE SARPE.<\/span><\/p>\n<h3><span>7. Enlaces a otros sitios y a los sitios de CHATEAU CLOS DE SARPE<\/span><\/h3>\n<p><span>El usuario asume toda la responsabilidad y los riesgos relacionados con el uso del sitio web y sitios relacionados y CHATEAU CLOS DE SARPE declina toda responsabilidad por cualquier p\u00e9rdida, lesi\u00f3n, da\u00f1o, costo, penalizaci\u00f3n o reclamaci\u00f3n resultante del uso del sitio web, ya sea directa o indirecta. , y si CHATEAU CLOS DE SARPE ha sido informado o es consciente de la posibilidad de dicha p\u00e9rdida, lesi\u00f3n, da\u00f1o, coste, penalizaci\u00f3n o reclamaci\u00f3n resultante del uso del sitio web, ya sea directa o indirecta.<\/span><br \/>\n<span>Enlaces a otros sitios tambi\u00e9n pueden provenir de las empresas o socios de BSO CHATEAU CLOS DE SARPE.CHATEAU CLOS DE SARPE incluye estos enlaces \u00fanicamente para su conveniencia, y la presencia de dicho enlace no implica ninguna responsabilidad por el sitio vinculado (www.closdesarpe.com) o una aprobaci\u00f3n del sitio vinculado, su operador o su Contenido.CHATEAU CLOS DE SARPE no tiene control sobre estos sitios web, no revisa su contenido y no ser\u00e1 responsable de su contenido o exactitud.El usuario accede a estos sitios web bajo su propio riesgo y discreci\u00f3n.<\/span><\/p>\n<h3><span>8. Renuncia<\/span><\/h3>\n<p><span>El usuario indemniza al CHATEAU CLOS DE SARPE y no se le puede atribuir ninguna responsabilidad por la totalidad o parte de las responsabilidades, p\u00e9rdidas, da\u00f1os, penalizaciones, costes o reclamaciones de cualquier clase sufridas por un tercero en relaci\u00f3n con un usuario o los miembros del usuario, empleados, representantes, agentes o cesionarios o cualquier tercero en relaci\u00f3n con el sitio web y el uso del mismo por parte del usuario, y \/ o derivados de lo dispuesto en estas condiciones generales.<\/span><br \/>\n<span>CHATEAU CLOS DE SARPE no garantiza impl\u00edcita o expl\u00edcitamente que el sitio est\u00e1 libre de errores o no puede ser interrumpido o que cualquier defecto ser\u00e1 corregido o que su uso del sitio web proporcionar\u00e1 resultados espec\u00edficos.Toda la informaci\u00f3n proporcionada en el sitio est\u00e1 sujeta a cambios sin previo aviso.La \u00fanica acci\u00f3n contra CHATEAU CLOS DE SARPE por insatisfacci\u00f3n con el sitio o cualquier contenido es dejar de usar el sitio o cualquier contenido de este tipo.Dicha limitaci\u00f3n o exenci\u00f3n formar\u00e1 parte del acuerdo entre las dos partes.CHATEAU CLOS DE SARPE no puede garantizar que los archivos u otros datos que descargue del sitio estar\u00e1n libres de virus.<\/span><br \/>\n<span>CHATEAU CLOS DE SARPE se reserva el derecho de realizar una de las siguientes acciones, en cualquier momento y sin previo aviso: modificar, suspender o terminar la operaci\u00f3n o el acceso al Sitio, o a cualquier parte del Sitio, por cualquier motivo;\u00a0para modificar el Sitio, o cualquier parte del Sitio, y cualquier pol\u00edtica o condici\u00f3n aplicable;\u00a0e interrumpir el funcionamiento del Sitio, o cualquier parte del Sitio, si es necesario para realizar mantenimiento rutinario o no rutinario, correcci\u00f3n de errores u otras modificaciones.<\/span><br \/>\n<span>Usted acepta indemnizar y mantener CHATEAU CLOS DE SARPE, sus funcionarios, directores, accionistas, predecesores, cesionarios, empleados, agentes, subsidiarias y afiliados, indemne de cualquier reclamaci\u00f3n, p\u00e9rdida, responsabilidad, reclamaciones o gastos (incluidos los honorarios de abogados), realizados contra CHATEAU CLOS DE SARPE por un tercero debido a o que surja de o en conexi\u00f3n con su uso del Sitio.<\/span><\/p>\n<h3><span>9. Violaci\u00f3n de estos T\u00e9rminos de Uso<\/span><\/h3>\n<p><span>CHATEAU CLOS DE SARPE se reserva el derecho de revelar en cualquier momento cualquier informaci\u00f3n que CHATEAU CLOS DE SARPE considere necesaria, para cumplir con cualquier ley aplicable, regulaci\u00f3n, procedimiento judicial o solicitud gubernamental.CHATEAU CLOS DE SARPE tambi\u00e9n puede divulgar su informaci\u00f3n cuando CHATEAU CLOS DE SARPE determina que la ley aplicable requiere o permite dicha divulgaci\u00f3n, incluido el intercambio de informaci\u00f3n con otras empresas y organizaciones con fines de protecci\u00f3n contra el fraude.<\/span><br \/>\n<span>Usted reconoce y acepta que CHATEAU CLOS DE SARPE puede retener cualquier comunicaci\u00f3n realizada entre usted y CHATEAU CLOS DE SARPE Solutions a trav\u00e9s del Sitio y tambi\u00e9n puede divulgar estos datos si as\u00ed lo exige la ley.La divulgaci\u00f3n tambi\u00e9n se puede hacer cuando CHATEAU CLOS DE SARPE determina que dicha divulgaci\u00f3n es razonablemente necesaria para cumplir con el proceso legal, hacer cumplir estos t\u00e9rminos de uso, responder a reclamos de que dichos datos violan los derechos de otros, o proteger los derechos, la propiedad o la seguridad personal de CHATEAU CLOS DE SARPE , sus empleados, usuarios o visitantes del Sitio, y el p\u00fablico.<\/span><br \/>\n<span>Si CHATEAU CLOS DE SARPE presenta acciones legales contra usted como resultado de su violaci\u00f3n de estos T\u00e9rminos de Uso, CHATEAU CLOS DE SARPE tendr\u00e1 derecho a recuperar de usted, y usted acepta pagar, todos los honorarios razonables de abogados y los costos de dicha acci\u00f3n, adem\u00e1s de cualquier otro alivio otorgado a CHATEAU CLOS DE SARPE.Usted acepta que CHATEAU CLOS DE SARPE no ser\u00e1 responsable ante usted o cualquier tercero por la terminaci\u00f3n de su acceso al Sitio despu\u00e9s de cualquier violaci\u00f3n de estos T\u00e9rminos de Uso.<\/span><\/p>\n<h3><span>10. Ley aplicable;\u00a0Soluci\u00f3n de diferencias<\/span><\/h3>\n<p><span>Usted acepta que todos los asuntos relacionados con su acceso o uso del Sitio web, incluidas todas las disputas, se regir\u00e1n por las leyes de FRANCIA sin tener en cuenta sus disposiciones sobre conflictos de leyes.Usted acepta la jurisdicci\u00f3n personal y la jurisdicci\u00f3n del estado y los tribunales en Francia, y renuncia a cualquier objeci\u00f3n a dicha jurisdicci\u00f3n o lugar.Cualquier reclamo bajo estos T\u00e9rminos de Uso debe ser presentado dentro de un a\u00f1o despu\u00e9s de que surja la causa de la acci\u00f3n, o dicha reclamaci\u00f3n o causa de acci\u00f3n est\u00e1 prohibida.No se puede reclamar ni recibir ninguna recuperaci\u00f3n por da\u00f1os que no sean costos reembolsables, excepto que la parte ganadora tendr\u00e1 derecho a honorarios y gastos de abogados.<\/span><br \/>\n<span>En el caso de una controversia o disputa entre CHATEAU CLOS DE SARPE y usted que surja de o en conexi\u00f3n con su uso del Sitio, las partes se esforzar\u00e1n, con prontitud y de buena fe, para resolver dicha disputa amistosamente con o sin un mediador, dentro de un plazo razonable (no superior a 30 d\u00edas).Si la disputa no puede resolverse amistosamente dentro de este per\u00edodo, entonces las partes ser\u00e1n libres de ejercer cualquier derecho o recurso disponible para ellos en virtud de la ley aplicable.<\/span><\/p>\n<h3><span>11. Nulo donde est\u00e9 prohibido<\/span><\/h3>\n<p><span>CHATEAU CLOS DE SARPE administra y opera el siguiente sitio: www.closdesarpe.com desde su sede en Saint Emilion, FRANCIA;\u00a0otros sitios del CHATEAU CLOS DE SARPE pueden ser administrados y operados desde varios lugares fuera de este pa\u00eds.El sitio es accesible en todo el mundo, pero no todos los www.closdesarpe.com contenido (caracter\u00edsticas, productos o servicios discutidos, referenciados, proporcionados u ofrecidos) son accesibles para todas las personas o en todas las \u00e1reas geogr\u00e1ficas.<\/span><br \/>\n<span>CHATEAU CLOS DE SARPE se reserva el derecho de limitar, a su sola discreci\u00f3n, la provisi\u00f3n y cantidad de cualquier caracter\u00edstica, producto o servicio a cualquier persona o \u00e1rea geogr\u00e1fica.Cualquier oferta para cualquier caracter\u00edstica, producto o servicio realizado en el sitio web es nula donde est\u00e9 prohibido.Si decide acceder a www.closdesarpe.com desde el extranjero, usted es el \u00fanico responsable del cumplimiento de las leyes locales aplicables.<\/span><\/p>\n<h3><span>12. Varios<\/span><\/h3>\n<p><span>Usted no puede usar, exportar o reexportar ning\u00fan Contenido o cualquier copia o adaptaci\u00f3n de dicho Contenido, o de cualquier producto o servicio ofrecido en el Sitio, en violaci\u00f3n de cualquier ley o regulaci\u00f3n aplicable, incluyendo, sin limitaci\u00f3n, las leyes y regulaciones de exportaci\u00f3n francesas.Estos T\u00e9rminos de Uso constituyen el acuerdo completo entre usted y CHATEAU CLOS DE SARPE con respecto a su uso del Sitio.El hecho de que CHATEAU CLOS DE SARPE insista o haga cumplir estrictamente estos T\u00e9rminos de uso no se interpretar\u00e1 como una renuncia por parte de CHATEAU CLOS DE SARPE de cualquier disposici\u00f3n o derecho que tenga para hacer cumplir estos T\u00e9rminos de uso, ni a ninguno entre CHATEAU CLOS DE SARPE y usted o cualquier otra parte se considerar\u00e1 que modifica cualquier disposici\u00f3n de estos T\u00e9rminos de uso.<\/span><\/p>\n<h3><span>13. Comentarios e informaci\u00f3n<\/span><\/h3>\n<p><span>Cualquier comentario que proporcione a trav\u00e9s de este sitio se considerar\u00e1 no confidencial.CHATEAU CLOS DE SARPE es libre de utilizar esta informaci\u00f3n sin restricciones.<\/span><\/p>\n<h3><span>14. Alojamiento de sitios web<\/span><\/h3>\n<p><span>Los sitios web est\u00e1n alojados en BSO Network Solutions, 81 Avenue Fran\u00e7ois Arago, 92 000 Nanterre, FRANCIA +33 1 77 36 11 00.<\/span><br \/>\n<span>www.bsonetwork.com<\/span><br \/>\n<span>La informaci\u00f3n contenida en este sitio web est\u00e1 sujeta a cambios sin previo aviso.<\/span><\/p>\n","protected":false},"excerpt":{"rendered":"<p>1. Introducci\u00f3n Estos t\u00e9rminos de uso son vinculantes para todas las personas que accedan al sitio web www.closdesarpe.com sin reservas o excepciones.El sitio es propiedad de CHATEAU CLOS DE SARPE (SCA BEYNEY SAINT CHRISTOPHE DES BARDES).Al entrar en el sitio web, el usuario acepta y se considerar\u00e1 que ha aceptado estos t\u00e9rminos y condiciones, que [&hellip;]<\/p>\n","protected":false},"author":1,"featured_media":0,"parent":0,"menu_order":0,"comment_status":"closed","ping_status":"closed","template":"","meta":{"_seopress_robots_primary_cat":"","footnotes":""},"acf":[],"_links":{"self":[{"href":"https:\/\/www.closdesarpe.com\/index.php?rest_route=\/wp\/v2\/pages\/407"}],"collection":[{"href":"https:\/\/www.closdesarpe.com\/index.php?rest_route=\/wp\/v2\/pages"}],"about":[{"href":"https:\/\/www.closdesarpe.com\/index.php?rest_route=\/wp\/v2\/types\/page"}],"author":[{"embeddable":true,"href":"https:\/\/www.closdesarpe.com\/index.php?rest_route=\/wp\/v2\/users\/1"}],"replies":[{"embeddable":true,"href":"https:\/\/www.closdesarpe.com\/index.php?rest_route=%2Fwp%2Fv2%2Fcomments&post=407"}],"version-history":[{"count":0,"href":"https:\/\/www.closdesarpe.com\/index.php?rest_route=\/wp\/v2\/pages\/407\/revisions"}],"wp:attachment":[{"href":"https:\/\/www.closdesarpe.com\/index.php?rest_route=%2Fwp%2Fv2%2Fmedia&parent=407"}],"curies":[{"name":"wp","href":"https:\/\/api.w.org\/{rel}","templated":true}]}}