{"id":489,"date":"2021-06-25T15:38:52","date_gmt":"2021-06-25T13:38:52","guid":{"rendered":"https:\/\/newwww.closdesarpe.com\/?page_id=489"},"modified":"2021-07-06T13:37:32","modified_gmt":"2021-07-06T11:37:32","slug":"histoire-de","status":"publish","type":"page","link":"https:\/\/www.closdesarpe.com\/?page_id=489&lang=de","title":{"rendered":"Histoire &#8211; Geschichte"},"content":{"rendered":"<h1 style=\"text-align: center;\">Ein Kleinod im Herzen von Saint-Emilion<\/h1>\n<h4 style=\"text-align: center;\">Ein \u201ekleiner\u201c Grand Cru Class\u00e9, der zur internationalen Weinelite z\u00e4hlt<\/h4>\n<h5 style=\"text-align: center;\">Im 18. Jh. existierte dieses Gew\u00e4chs bereits unter dem Namen \u201eCru de Sarpe\u201c.<\/h5>\n<h5 style=\"text-align: center;\">Im 19. Jh. erhielt es seinen heutigen Namen.<\/h5>\n","protected":false},"excerpt":{"rendered":"<p>Ein Kleinod im Herzen von Saint-Emilion Ein \u201ekleiner\u201c Grand Cru Class\u00e9, der zur internationalen Weinelite z\u00e4hlt Im 18. Jh. existierte dieses Gew\u00e4chs bereits unter dem Namen \u201eCru de Sarpe\u201c. Im 19. Jh. erhielt es seinen heutigen Namen.<\/p>\n","protected":false},"author":1,"featured_media":0,"parent":0,"menu_order":0,"comment_status":"closed","ping_status":"closed","template":"page-histoire.php","meta":{"_seopress_robots_primary_cat":"","footnotes":""},"acf":[],"_links":{"self":[{"href":"https:\/\/www.closdesarpe.com\/index.php?rest_route=\/wp\/v2\/pages\/489"}],"collection":[{"href":"https:\/\/www.closdesarpe.com\/index.php?rest_route=\/wp\/v2\/pages"}],"about":[{"href":"https:\/\/www.closdesarpe.com\/index.php?rest_route=\/wp\/v2\/types\/page"}],"author":[{"embeddable":true,"href":"https:\/\/www.closdesarpe.com\/index.php?rest_route=\/wp\/v2\/users\/1"}],"replies":[{"embeddable":true,"href":"https:\/\/www.closdesarpe.com\/index.php?rest_route=%2Fwp%2Fv2%2Fcomments&post=489"}],"version-history":[{"count":6,"href":"https:\/\/www.closdesarpe.com\/index.php?rest_route=\/wp\/v2\/pages\/489\/revisions"}],"predecessor-version":[{"id":859,"href":"https:\/\/www.closdesarpe.com\/index.php?rest_route=\/wp\/v2\/pages\/489\/revisions\/859"}],"wp:attachment":[{"href":"https:\/\/www.closdesarpe.com\/index.php?rest_route=%2Fwp%2Fv2%2Fmedia&parent=489"}],"curies":[{"name":"wp","href":"https:\/\/api.w.org\/{rel}","templated":true}]}}