{"id":514,"date":"2021-06-25T15:49:46","date_gmt":"2021-06-25T13:49:46","guid":{"rendered":"https:\/\/newwww.closdesarpe.com\/?page_id=514"},"modified":"2021-07-01T14:02:15","modified_gmt":"2021-07-01T12:02:15","slug":"presse-2","status":"publish","type":"page","link":"https:\/\/www.closdesarpe.com\/?page_id=514&lang=de","title":{"rendered":"Press"},"content":{"rendered":"<h1 style=\"text-align: center;\">Revue de presse<\/h1>\n<h3 style=\"text-align: center;\">Internationale Anerkennung<\/h3>\n<p style=\"text-align: center;\">Seit 1998 hat sich der \u201eClos de Sarpe\u201c zu einem der renommiertesten Weine der Appellation Saint-Emilion und des Weinbaugebiets von Bordeaux im Allgemeinen entwickelt.<\/p>\n<p style=\"text-align: center;\">Bereits 1998 lobte der Kritiker Robert Parker die Exzellenz unserer Weine. Dem Chateau Clos de Sarpe 2011 verlieh er sogar die h\u00f6chste Punktzahl aller Bordeaux-Weine.<\/p>\n<p style=\"text-align: center;\">Im Jahr 2012 wurde das Chateau als Grand Cru Class\u00e9 eingestuft. Diese Auszeichnung ist die Kr\u00f6nung f\u00fcr die in \u00fcber 20 Jahren geleistete Arbeit. Jedes Jahr wird die ausgezeichnete Qualit\u00e4t unserer Weine von den einflussreichsten Weinkritikern gelobt.<\/p>\n<p style=\"text-align: center;\">Heute ist \u201eClos de Sarpe\u201c in vielen L\u00e4ndern vertreten: USA, Gro\u00dfbritannien, Schweiz, \u00d6sterreich, Deutschland, Benelux, China, Taiwan, Japan, Brasilien, Hong-Kong, Thailand, Kanada,<\/p>\n<p style=\"text-align: center;\">Die Weine werden \u00fcber die Weinh\u00e4ndler in Bordeaux vertrieben.<\/p>\n","protected":false},"excerpt":{"rendered":"<p>Revue de presse Internationale Anerkennung Seit 1998 hat sich der \u201eClos de Sarpe\u201c zu einem der renommiertesten Weine der Appellation Saint-Emilion und des Weinbaugebiets von Bordeaux im Allgemeinen entwickelt. Bereits 1998 lobte der Kritiker Robert Parker die Exzellenz unserer Weine. Dem Chateau Clos de Sarpe 2011 verlieh er sogar die h\u00f6chste Punktzahl aller Bordeaux-Weine. Im [&hellip;]<\/p>\n","protected":false},"author":1,"featured_media":0,"parent":0,"menu_order":0,"comment_status":"closed","ping_status":"closed","template":"page-presse.php","meta":{"_seopress_robots_primary_cat":"","footnotes":""},"acf":[],"_links":{"self":[{"href":"https:\/\/www.closdesarpe.com\/index.php?rest_route=\/wp\/v2\/pages\/514"}],"collection":[{"href":"https:\/\/www.closdesarpe.com\/index.php?rest_route=\/wp\/v2\/pages"}],"about":[{"href":"https:\/\/www.closdesarpe.com\/index.php?rest_route=\/wp\/v2\/types\/page"}],"author":[{"embeddable":true,"href":"https:\/\/www.closdesarpe.com\/index.php?rest_route=\/wp\/v2\/users\/1"}],"replies":[{"embeddable":true,"href":"https:\/\/www.closdesarpe.com\/index.php?rest_route=%2Fwp%2Fv2%2Fcomments&post=514"}],"version-history":[{"count":3,"href":"https:\/\/www.closdesarpe.com\/index.php?rest_route=\/wp\/v2\/pages\/514\/revisions"}],"predecessor-version":[{"id":847,"href":"https:\/\/www.closdesarpe.com\/index.php?rest_route=\/wp\/v2\/pages\/514\/revisions\/847"}],"wp:attachment":[{"href":"https:\/\/www.closdesarpe.com\/index.php?rest_route=%2Fwp%2Fv2%2Fmedia&parent=514"}],"curies":[{"name":"wp","href":"https:\/\/api.w.org\/{rel}","templated":true}]}}