{"id":517,"date":"2021-06-25T15:50:35","date_gmt":"2021-06-25T13:50:35","guid":{"rendered":"https:\/\/newwww.closdesarpe.com\/?page_id=517"},"modified":"2021-07-01T06:49:51","modified_gmt":"2021-07-01T04:49:51","slug":"presse-es","status":"publish","type":"page","link":"https:\/\/www.closdesarpe.com\/?page_id=517&lang=es","title":{"rendered":"Revista de Prensa"},"content":{"rendered":"<h1 style=\"text-align: center;\">Revista de Prensa<\/h1>\n<h3 style=\"text-align: center;\">Un reconocimiento internacional<\/h3>\n<p style=\"text-align: center;\">Desde 1998, Clos de Sarpe ha sabido imponerse entre los vinos de mayor renombre de la denominaci\u00f3n de Saint-\u00c9milion y de Bordeaux en general.<\/p>\n<p style=\"text-align: center;\">El cr\u00edtico Robert Parker ha reconocido la excelencia de nuestros vinos desde 1998. Ha dado incluso a Ch\u00e2teau Clos de Sarpe 2011 la mejor nota de entre todas las denominaciones del conjunto de vinos de Bordeaux.<\/p>\n<p style=\"text-align: center;\">En 2012, El Ch\u00e2teau ha ascendido a Grand Cru Class\u00e9, distinci\u00f3n que sirve de colof\u00f3n a m\u00e1s de 20 a\u00f1os de trabajo.<\/p>\n<p style=\"text-align: center;\">Cada a\u00f1o, los cr\u00edticos de vinos m\u00e1s influyentes ponen de relieve la excelencia de nuestros vinos.<\/p>\n<p style=\"text-align: center;\">Hoy Clos de Sarpe se encuentra presente en muchos pa\u00edses: EE.UU., Reino Unido, Suiza, Austria, Alemania, B\u00e9lgica, Luxemburgo, China, Taiw\u00e1n, Jap\u00f3n, Brasil, Hong-Kong, Tailandia y Canad\u00e1.<\/p>\n<p style=\"text-align: center;\">Los vinos se distribuyen a trav\u00e9s de los negociantes del mercado bordel\u00e9s.<\/p>\n","protected":false},"excerpt":{"rendered":"<p>Revista de Prensa Un reconocimiento internacional Desde 1998, Clos de Sarpe ha sabido imponerse entre los vinos de mayor renombre de la denominaci\u00f3n de Saint-\u00c9milion y de Bordeaux en general. El cr\u00edtico Robert Parker ha reconocido la excelencia de nuestros vinos desde 1998. Ha dado incluso a Ch\u00e2teau Clos de Sarpe 2011 la mejor nota [&hellip;]<\/p>\n","protected":false},"author":1,"featured_media":0,"parent":0,"menu_order":0,"comment_status":"closed","ping_status":"closed","template":"page-presse.php","meta":{"_seopress_robots_primary_cat":"","footnotes":""},"acf":[],"_links":{"self":[{"href":"https:\/\/www.closdesarpe.com\/index.php?rest_route=\/wp\/v2\/pages\/517"}],"collection":[{"href":"https:\/\/www.closdesarpe.com\/index.php?rest_route=\/wp\/v2\/pages"}],"about":[{"href":"https:\/\/www.closdesarpe.com\/index.php?rest_route=\/wp\/v2\/types\/page"}],"author":[{"embeddable":true,"href":"https:\/\/www.closdesarpe.com\/index.php?rest_route=\/wp\/v2\/users\/1"}],"replies":[{"embeddable":true,"href":"https:\/\/www.closdesarpe.com\/index.php?rest_route=%2Fwp%2Fv2%2Fcomments&post=517"}],"version-history":[{"count":4,"href":"https:\/\/www.closdesarpe.com\/index.php?rest_route=\/wp\/v2\/pages\/517\/revisions"}],"predecessor-version":[{"id":769,"href":"https:\/\/www.closdesarpe.com\/index.php?rest_route=\/wp\/v2\/pages\/517\/revisions\/769"}],"wp:attachment":[{"href":"https:\/\/www.closdesarpe.com\/index.php?rest_route=%2Fwp%2Fv2%2Fmedia&parent=517"}],"curies":[{"name":"wp","href":"https:\/\/api.w.org\/{rel}","templated":true}]}}