{"id":530,"date":"2021-06-25T16:01:14","date_gmt":"2021-06-25T14:01:14","guid":{"rendered":"https:\/\/newwww.closdesarpe.com\/?page_id=530"},"modified":"2021-06-30T19:50:14","modified_gmt":"2021-06-30T17:50:14","slug":"vignoble-es","status":"publish","type":"page","link":"https:\/\/www.closdesarpe.com\/?page_id=530&lang=es","title":{"rendered":"Un vi\u00f1edo bio"},"content":{"rendered":"<h1 style=\"text-align: center;\">Un vi\u00f1edo bio<\/h1>\n<h4 style=\"text-align: center;\">Filosof\u00eda BIO desde 1923<\/h4>\n<p style=\"text-align: center;\">Desde que se adquiri\u00f3 la propiedad, siempre se opt\u00f3 por la agricultura biol\u00f3gica:<br \/>\nEn Clos de Sarpe, nunca se han utilizado pesticidas, herbicidas ni desherbantes qu\u00edmicos.<br \/>\nLa certificaci\u00f3n AB obtenida en septiembre de 2020 constituye la culminaci\u00f3n de este proceso.<\/p>\n","protected":false},"excerpt":{"rendered":"<p>Un vi\u00f1edo bio Filosof\u00eda BIO desde 1923 Desde que se adquiri\u00f3 la propiedad, siempre se opt\u00f3 por la agricultura biol\u00f3gica: En Clos de Sarpe, nunca se han utilizado pesticidas, herbicidas ni desherbantes qu\u00edmicos. La certificaci\u00f3n AB obtenida en septiembre de 2020 constituye la culminaci\u00f3n de este proceso.<\/p>\n","protected":false},"author":1,"featured_media":0,"parent":0,"menu_order":0,"comment_status":"closed","ping_status":"closed","template":"page-philosophie.php","meta":{"_seopress_robots_primary_cat":"","footnotes":""},"acf":[],"_links":{"self":[{"href":"https:\/\/www.closdesarpe.com\/index.php?rest_route=\/wp\/v2\/pages\/530"}],"collection":[{"href":"https:\/\/www.closdesarpe.com\/index.php?rest_route=\/wp\/v2\/pages"}],"about":[{"href":"https:\/\/www.closdesarpe.com\/index.php?rest_route=\/wp\/v2\/types\/page"}],"author":[{"embeddable":true,"href":"https:\/\/www.closdesarpe.com\/index.php?rest_route=\/wp\/v2\/users\/1"}],"replies":[{"embeddable":true,"href":"https:\/\/www.closdesarpe.com\/index.php?rest_route=%2Fwp%2Fv2%2Fcomments&post=530"}],"version-history":[{"count":4,"href":"https:\/\/www.closdesarpe.com\/index.php?rest_route=\/wp\/v2\/pages\/530\/revisions"}],"predecessor-version":[{"id":763,"href":"https:\/\/www.closdesarpe.com\/index.php?rest_route=\/wp\/v2\/pages\/530\/revisions\/763"}],"wp:attachment":[{"href":"https:\/\/www.closdesarpe.com\/index.php?rest_route=%2Fwp%2Fv2%2Fmedia&parent=530"}],"curies":[{"name":"wp","href":"https:\/\/api.w.org\/{rel}","templated":true}]}}