{"id":57,"date":"2021-06-17T17:44:12","date_gmt":"2021-06-17T15:44:12","guid":{"rendered":"http:\/\/newwww.closdesarpe.com\/?page_id=57"},"modified":"2021-07-06T13:36:45","modified_gmt":"2021-07-06T11:36:45","slug":"histoire","status":"publish","type":"page","link":"https:\/\/www.closdesarpe.com\/?page_id=57","title":{"rendered":"Histoire"},"content":{"rendered":"<h1 style=\"text-align: center;\">Une p\u00e9pite au c\u0153ur de Saint-\u00c9milion<\/h1>\n<h4 style=\"text-align: center;\">Un 1er Cru du 18 \u00e8me si\u00e8cle devenu Grand Cru Class\u00e9 reconnu<br \/>\ndans l\u2019\u00e9lite internationale des vins.<\/h4>\n<h5 style=\"text-align: center;\">Au 18 \u00e8me si\u00e8cle, ce cru class\u00e9 existait sous le nom \u00ab Cru de Sarpe \u00bb.<br \/>\nC\u2019est au 19 \u00e8me si\u00e8cle qu\u2019il prendra son nom actuel.<\/h5>\n","protected":false},"excerpt":{"rendered":"<p>Une p\u00e9pite au c\u0153ur de Saint-\u00c9milion Un 1er Cru du 18 \u00e8me si\u00e8cle devenu Grand Cru Class\u00e9 reconnu dans l\u2019\u00e9lite internationale des vins. Au 18 \u00e8me si\u00e8cle, ce cru class\u00e9 existait sous le nom \u00ab Cru de Sarpe \u00bb. C\u2019est au 19 \u00e8me si\u00e8cle qu\u2019il prendra son nom actuel.<\/p>\n","protected":false},"author":1,"featured_media":0,"parent":0,"menu_order":0,"comment_status":"closed","ping_status":"closed","template":"page-histoire.php","meta":{"_seopress_robots_primary_cat":"","footnotes":""},"acf":[],"_links":{"self":[{"href":"https:\/\/www.closdesarpe.com\/index.php?rest_route=\/wp\/v2\/pages\/57"}],"collection":[{"href":"https:\/\/www.closdesarpe.com\/index.php?rest_route=\/wp\/v2\/pages"}],"about":[{"href":"https:\/\/www.closdesarpe.com\/index.php?rest_route=\/wp\/v2\/types\/page"}],"author":[{"embeddable":true,"href":"https:\/\/www.closdesarpe.com\/index.php?rest_route=\/wp\/v2\/users\/1"}],"replies":[{"embeddable":true,"href":"https:\/\/www.closdesarpe.com\/index.php?rest_route=%2Fwp%2Fv2%2Fcomments&post=57"}],"version-history":[{"count":6,"href":"https:\/\/www.closdesarpe.com\/index.php?rest_route=\/wp\/v2\/pages\/57\/revisions"}],"predecessor-version":[{"id":857,"href":"https:\/\/www.closdesarpe.com\/index.php?rest_route=\/wp\/v2\/pages\/57\/revisions\/857"}],"wp:attachment":[{"href":"https:\/\/www.closdesarpe.com\/index.php?rest_route=%2Fwp%2Fv2%2Fmedia&parent=57"}],"curies":[{"name":"wp","href":"https:\/\/api.w.org\/{rel}","templated":true}]}}