{"id":62,"date":"2021-06-17T17:50:36","date_gmt":"2021-06-17T15:50:36","guid":{"rendered":"http:\/\/newwww.closdesarpe.com\/?page_id=62"},"modified":"2021-06-25T18:12:39","modified_gmt":"2021-06-25T16:12:39","slug":"terroir","status":"publish","type":"page","link":"https:\/\/www.closdesarpe.com\/?page_id=62","title":{"rendered":"Terroir"},"content":{"rendered":"<h1 style=\"text-align: center;\">Terroir au c\u0153ur des plus grands<\/h1>\n<p style=\"text-align: center;\">Le vignoble de Ch\u00e2teau Clos de Sarpe est constitu\u00e9 de 3 ha 70 d\u2019un seul tenant, situ\u00e9<br \/>\nsur le plateau argilo-calcaire de Sarpe (sur calcaire \u00e0 ast\u00e9ries), avec une exposition Sud Sud Est.<br \/>\nUne tr\u00e8s belle homog\u00e9n\u00e9it\u00e9 au coeur des plus grands terroirs de l\u2019appellation : Ch\u00e2teau Trottevieille,<br \/>\nCh\u00e2teau Troplong-Mondot, Ch\u00e2teau Haut-Sarpe, Ch\u00e2teau Sansonnet&#8230;<\/p>\n<p style=\"text-align: center;\">Ainsi que l\u2019indique l\u2019\u00e9tude p\u00e9dologique r\u00e9alis\u00e9e au Ch\u00e2teau Clos de Sarpe,<br \/>\non trouve sur Ch\u00e2teau Clos de Sarpe des formations argilo-calcaires de type \u00ab molasses du Fronsadais \u00bb<br \/>\n(La partie sup\u00e9rieure de cette molasse date de l\u2019Oligoc\u00e8ne inf\u00e9rieur &#8211; environ 25 millions d\u2019ann\u00e9es)<br \/>\net de type \u00ab molasses de l\u2019Agenais \u00bb (Cette formation molassique se m\u00e9lange<br \/>\navec les d\u00e9p\u00f4ts d\u2019alt\u00e9ration du calcaire \u00e0 ast\u00e9ries.<\/p>\n","protected":false},"excerpt":{"rendered":"<p>Terroir au c\u0153ur des plus grands Le vignoble de Ch\u00e2teau Clos de Sarpe est constitu\u00e9 de 3 ha 70 d\u2019un seul tenant, situ\u00e9 sur le plateau argilo-calcaire de Sarpe (sur calcaire \u00e0 ast\u00e9ries), avec une exposition Sud Sud Est. Une tr\u00e8s belle homog\u00e9n\u00e9it\u00e9 au coeur des plus grands terroirs de l\u2019appellation : Ch\u00e2teau Trottevieille, Ch\u00e2teau [&hellip;]<\/p>\n","protected":false},"author":1,"featured_media":0,"parent":0,"menu_order":0,"comment_status":"closed","ping_status":"closed","template":"page-philosophie.php","meta":{"_seopress_robots_primary_cat":"","footnotes":""},"acf":[],"_links":{"self":[{"href":"https:\/\/www.closdesarpe.com\/index.php?rest_route=\/wp\/v2\/pages\/62"}],"collection":[{"href":"https:\/\/www.closdesarpe.com\/index.php?rest_route=\/wp\/v2\/pages"}],"about":[{"href":"https:\/\/www.closdesarpe.com\/index.php?rest_route=\/wp\/v2\/types\/page"}],"author":[{"embeddable":true,"href":"https:\/\/www.closdesarpe.com\/index.php?rest_route=\/wp\/v2\/users\/1"}],"replies":[{"embeddable":true,"href":"https:\/\/www.closdesarpe.com\/index.php?rest_route=%2Fwp%2Fv2%2Fcomments&post=62"}],"version-history":[{"count":10,"href":"https:\/\/www.closdesarpe.com\/index.php?rest_route=\/wp\/v2\/pages\/62\/revisions"}],"predecessor-version":[{"id":572,"href":"https:\/\/www.closdesarpe.com\/index.php?rest_route=\/wp\/v2\/pages\/62\/revisions\/572"}],"wp:attachment":[{"href":"https:\/\/www.closdesarpe.com\/index.php?rest_route=%2Fwp%2Fv2%2Fmedia&parent=62"}],"curies":[{"name":"wp","href":"https:\/\/api.w.org\/{rel}","templated":true}]}}