{"id":653,"date":"2021-06-27T10:14:43","date_gmt":"2021-06-27T08:14:43","guid":{"rendered":"https:\/\/newwww.closdesarpe.com\/?page_id=653"},"modified":"2021-06-30T19:47:02","modified_gmt":"2021-06-30T17:47:02","slug":"terroir-4","status":"publish","type":"page","link":"https:\/\/www.closdesarpe.com\/?page_id=653&lang=es","title":{"rendered":"el terru\u00f1o"},"content":{"rendered":"<h1 style=\"text-align: center;\">El terru\u00f1o entre los m\u00e1s grandes<\/h1>\n<p style=\"text-align: center;\">El vi\u00f1edo de Ch\u00e2teau Clos de Sarpe est\u00e1 constituido por 3 ha 70 de superficie continua situadas en la meseta arcillocaliza de Sarpe (en\u00a0 piedra caliza con asterias), con orientaci\u00f3n Sur\/Sureste. El terru\u00f1o goza de una magn\u00edfica homogeneidad y se encuentra enclavado entre los mejores de la denominaci\u00f3n: Ch\u00e2teau Trottevieille, Ch\u00e2teau Troplong-Mondot, Ch\u00e2teau Haut-Sarpe, Ch\u00e2teau Sansonnet, \u2026.<\/p>\n<p style=\"text-align: center;\">Tal y como indica el estudio pedol\u00f3gico realizado en Ch\u00e2teau Clos de Sarpe, en la propiedad se encuentran formaciones arcillocalizas del tipo \u00ab\u00a0molasas de Fronsac\u00a0\u00bb (la parte superior de esta molasa data del Oligoceno inferior &#8211; de aproximadamente 25 millones de a\u00f1os) y de tipo \u00ab\u00a0molasas de Agen\u00a0\u00bb (esta formaci\u00f3n mol\u00e1sica se mezcla con los dep\u00f3sitos de alteraci\u00f3n de la piedra caliza con asterias). En los sondeos y en las fosas se ha encontrado frecuentemente esta caliza del Oligoceno superior (de hace aproximadamente 30 millones de a\u00f1os)<\/p>\n","protected":false},"excerpt":{"rendered":"<p>El terru\u00f1o entre los m\u00e1s grandes El vi\u00f1edo de Ch\u00e2teau Clos de Sarpe est\u00e1 constituido por 3 ha 70 de superficie continua situadas en la meseta arcillocaliza de Sarpe (en\u00a0 piedra caliza con asterias), con orientaci\u00f3n Sur\/Sureste. El terru\u00f1o goza de una magn\u00edfica homogeneidad y se encuentra enclavado entre los mejores de la denominaci\u00f3n: Ch\u00e2teau [&hellip;]<\/p>\n","protected":false},"author":1,"featured_media":0,"parent":0,"menu_order":0,"comment_status":"closed","ping_status":"closed","template":"page-philosophie.php","meta":{"_seopress_robots_primary_cat":"","footnotes":""},"acf":[],"_links":{"self":[{"href":"https:\/\/www.closdesarpe.com\/index.php?rest_route=\/wp\/v2\/pages\/653"}],"collection":[{"href":"https:\/\/www.closdesarpe.com\/index.php?rest_route=\/wp\/v2\/pages"}],"about":[{"href":"https:\/\/www.closdesarpe.com\/index.php?rest_route=\/wp\/v2\/types\/page"}],"author":[{"embeddable":true,"href":"https:\/\/www.closdesarpe.com\/index.php?rest_route=\/wp\/v2\/users\/1"}],"replies":[{"embeddable":true,"href":"https:\/\/www.closdesarpe.com\/index.php?rest_route=%2Fwp%2Fv2%2Fcomments&post=653"}],"version-history":[{"count":4,"href":"https:\/\/www.closdesarpe.com\/index.php?rest_route=\/wp\/v2\/pages\/653\/revisions"}],"predecessor-version":[{"id":761,"href":"https:\/\/www.closdesarpe.com\/index.php?rest_route=\/wp\/v2\/pages\/653\/revisions\/761"}],"wp:attachment":[{"href":"https:\/\/www.closdesarpe.com\/index.php?rest_route=%2Fwp%2Fv2%2Fmedia&parent=653"}],"curies":[{"name":"wp","href":"https:\/\/api.w.org\/{rel}","templated":true}]}}