{"id":72,"date":"2021-06-17T17:52:23","date_gmt":"2021-06-17T15:52:23","guid":{"rendered":"http:\/\/newwww.closdesarpe.com\/?page_id=72"},"modified":"2021-06-22T11:27:11","modified_gmt":"2021-06-22T09:27:11","slug":"contact","status":"publish","type":"page","link":"https:\/\/www.closdesarpe.com\/?page_id=72","title":{"rendered":"Contact"},"content":{"rendered":"<p>Invitation \u00e0 d\u00e9couvrir Clos de Sarpe,<br \/>\nsitu\u00e9 \u00e0 moins d\u2019un kilom\u00e8tres du village.<\/p>\n<p><strong>Visites sur rendez vous<\/strong><br \/>\n<strong>Accueil :<\/strong> en Francais et en Anglais.<br \/>\nLes groupes sont les bienvenus<\/p>\n<p>&nbsp;<\/p>\n<div class=\"caldera-grid\" id=\"caldera_form_1\" data-cf-ver=\"1.9.4\" data-cf-form-id=\"CF60d0652f5ecb5\"><div id=\"caldera_notices_1\" data-spinner=\"https:\/\/www.closdesarpe.com\/wp-admin\/images\/spinner.gif\"><\/div><form data-instance=\"1\" class=\"CF60d0652f5ecb5 caldera_forms_form cfajax-trigger\" method=\"POST\" enctype=\"multipart\/form-data\" id=\"CF60d0652f5ecb5_1\" data-form-id=\"CF60d0652f5ecb5\" aria-label=\"contact\" data-target=\"#caldera_notices_1\" data-template=\"#cfajax_CF60d0652f5ecb5-tmpl\" data-cfajax=\"CF60d0652f5ecb5\" data-load-element=\"_parent\" data-load-class=\"cf_processing\" data-post-disable=\"0\" data-action=\"cf_process_ajax_submit\" data-request=\"https:\/\/www.closdesarpe.com\/?cf_api=CF60d0652f5ecb5\" data-hiderows=\"true\">\r\n<input type=\"hidden\" id=\"_cf_verify_CF60d0652f5ecb5\" name=\"_cf_verify\" value=\"3da3c6f402\"  data-nonce-time=\"1778072946\" \/><input type=\"hidden\" name=\"_wp_http_referer\" value=\"\/index.php?rest_route=%2Fwp%2Fv2%2Fpages%2F72\" \/><div id=\"cf2-CF60d0652f5ecb5_1\"><\/div><input type=\"hidden\" name=\"_cf_frm_id\" value=\"CF60d0652f5ecb5\">\r\n<input type=\"hidden\" name=\"_cf_frm_ct\" value=\"1\">\r\n<input type=\"hidden\" name=\"cfajax\" value=\"CF60d0652f5ecb5\">\r\n<input type=\"hidden\" name=\"_cf_cr_pst\" value=\"72\">\r\n<div class=\"hide\" style=\"display:none; overflow:hidden;height:0;width:0;\">\r\n<label>Nom<\/label><input type=\"text\" name=\"name\" value=\"\" autocomplete=\"off\">\r\n<\/div><div id=\"CF60d0652f5ecb5_1-row-1\"  class=\"row  first_row\"><div  class=\"col-sm-12  single\"><div data-field-wrapper=\"fld_7865559\" class=\"form-group\" id=\"fld_7865559_1-wrap\">\r\n\t<label id=\"fld_7865559Label\" for=\"fld_7865559_1\" class=\"control-label\">Nom<\/label>\r\n\t<div class=\"\">\r\n\t\t<input    type=\"text\" data-field=\"fld_7865559\" class=\" form-control\" id=\"fld_7865559_1\" name=\"fld_7865559\" value=\"\" data-type=\"text\"   aria-labelledby=\"fld_7865559Label\" >\t\t\t<\/div>\r\n<\/div>\r\n<div data-field-wrapper=\"fld_267331\" class=\"form-group\" id=\"fld_267331_1-wrap\">\r\n\t<label id=\"fld_267331Label\" for=\"fld_267331_1\" class=\"control-label\">Pr\u00e9nom<\/label>\r\n\t<div class=\"\">\r\n\t\t<input    type=\"text\" data-field=\"fld_267331\" class=\" form-control\" id=\"fld_267331_1\" name=\"fld_267331\" value=\"\" data-type=\"text\"   aria-labelledby=\"fld_267331Label\" >\t\t\t<\/div>\r\n<\/div>\r\n<div data-field-wrapper=\"fld_159160\" class=\"form-group\" id=\"fld_159160_1-wrap\">\r\n\t<label id=\"fld_159160Label\" for=\"fld_159160_1\" class=\"control-label\">Email <span aria-hidden=\"true\" role=\"presentation\" class=\"field_required\" style=\"color:#ee0000;\">*<\/span><\/label>\r\n\t<div class=\"\">\r\n\t\t<input   required type=\"email\" data-field=\"fld_159160\" class=\" form-control\" id=\"fld_159160_1\" name=\"fld_159160\" value=\"\" data-type=\"email\" aria-required=\"true\"   aria-labelledby=\"fld_159160Label\" >\t\t\t<\/div>\r\n<\/div>\r\n<div data-field-wrapper=\"fld_1285784\" class=\"form-group\" id=\"fld_1285784_1-wrap\">\r\n\t<label id=\"fld_1285784Label\" for=\"fld_1285784_1\" class=\"control-label\">Message<\/label>\r\n\t<div class=\"\">\r\n\t\t<textarea name=\"fld_1285784\" value=\"\" data-field=\"fld_1285784\" class=\"form-control\" id=\"fld_1285784_1\" rows=\"4\"    aria-labelledby=\"fld_1285784Label\" ><\/textarea>\n\t\t\t<\/div>\r\n<\/div>\r\n<\/div><\/div><div id=\"CF60d0652f5ecb5_1-row-2\"  class=\"row  last_row\"><div  class=\"col-sm-12  single\"><div data-field-wrapper=\"fld_215077\" class=\"form-group\" id=\"fld_215077_1-wrap\">\r\n<label id=\"fld_215077Label\" for=\"fld_215077_1\" class=\"control-label screen-reader-text sr-only\">Antispam<\/label>\r\n\n\n<div class=\"\">\r\n\n<input placeholder=\"Antispam\"  required type=\"hidden\" data-field=\"fld_215077\" class=\" form-control\" id=\"fld_215077_1\" name=\"fld_215077\" value=\"\" data-type=\"recaptcha\" aria-required=\"true\"   aria-labelledby=\"fld_215077Label\" >\n\t<div id=\"capfld_215077_1\" class=\"g-recaptcha\" data-sitekey=\"6LfafX8bAAAAAK1l4_hhtiaHBUGntYk4DIXgKXpl\" ><\/div>\n\n\n<\/div>\r\n\n<\/div>\r\n<div data-field-wrapper=\"fld_1957359\" class=\"form-group\" id=\"fld_1957359_1-wrap\">\r\n<div class=\"\">\r\n\t<input  class=\"btn btn-default\" type=\"submit\" name=\"fld_1957359\" id=\"fld_1957359_1\" value=\"Envoyer\" data-field=\"fld_1957359\"  >\n<\/div>\r\n<\/div>\r\n\t<input class=\"button_trigger_1\" type=\"hidden\" name=\"fld_1957359\" id=\"fld_1957359_1_btn\" value=\"\" data-field=\"fld_1957359\"  \/>\n<\/div><\/div><\/form>\r\n<\/div>\r\n\n","protected":false},"excerpt":{"rendered":"<p>Invitation \u00e0 d\u00e9couvrir Clos de Sarpe, situ\u00e9 \u00e0 moins d\u2019un kilom\u00e8tres du village. Visites sur rendez vous Accueil : en Francais et en Anglais. Les groupes sont les bienvenus &nbsp;<\/p>\n","protected":false},"author":1,"featured_media":0,"parent":0,"menu_order":0,"comment_status":"closed","ping_status":"closed","template":"page-contact.php","meta":{"_seopress_robots_primary_cat":"","footnotes":""},"acf":[],"_links":{"self":[{"href":"https:\/\/www.closdesarpe.com\/index.php?rest_route=\/wp\/v2\/pages\/72"}],"collection":[{"href":"https:\/\/www.closdesarpe.com\/index.php?rest_route=\/wp\/v2\/pages"}],"about":[{"href":"https:\/\/www.closdesarpe.com\/index.php?rest_route=\/wp\/v2\/types\/page"}],"author":[{"embeddable":true,"href":"https:\/\/www.closdesarpe.com\/index.php?rest_route=\/wp\/v2\/users\/1"}],"replies":[{"embeddable":true,"href":"https:\/\/www.closdesarpe.com\/index.php?rest_route=%2Fwp%2Fv2%2Fcomments&post=72"}],"version-history":[{"count":10,"href":"https:\/\/www.closdesarpe.com\/index.php?rest_route=\/wp\/v2\/pages\/72\/revisions"}],"predecessor-version":[{"id":246,"href":"https:\/\/www.closdesarpe.com\/index.php?rest_route=\/wp\/v2\/pages\/72\/revisions\/246"}],"wp:attachment":[{"href":"https:\/\/www.closdesarpe.com\/index.php?rest_route=%2Fwp%2Fv2%2Fmedia&parent=72"}],"curies":[{"name":"wp","href":"https:\/\/api.w.org\/{rel}","templated":true}]}}